{"id":21,"date":"2025-01-28T23:01:12","date_gmt":"2025-01-28T22:01:12","guid":{"rendered":"http:\/\/serverls.imei.uz.zgora.pl\/wp\/61\/?post_type=product&#038;p=21"},"modified":"2025-01-29T00:59:37","modified_gmt":"2025-01-28T23:59:37","slug":"gucci-guilty-pour-homme-parfum","status":"publish","type":"product","link":"http:\/\/serverls.imei.uz.zgora.pl\/wp\/61\/index.php\/produkt\/gucci-guilty-pour-homme-parfum\/","title":{"rendered":"Gucci Guilty Pour Homme Parfum"},"content":{"rendered":"<p>Gucci Guilty Pour Homme Parfum to m\u0119ska woda perfumowana, kt\u00f3ra zachwyca swoj\u0105 intensywno\u015bci\u0105 i zmys\u0142owym aromatem. Ta nowa wersja klasycznego zapachu Gucci Guilty Pour Homme jest jeszcze bardziej zmys\u0142owa i uwodzicielska. Ju\u017c pierwsze nuty zapachowe, takie jak r\u00f3\u017cowy pieprz i kwiat cytryny, otuli\u0105 Ci\u0119 swoj\u0105 \u015bwie\u017co\u015bci\u0105 i energetyzuj\u0105cym charakterem. Mieszanina drzewnych nut, takich jak cedr, paczula i pi\u017cmo, nadaje perfumom Gucci Guilty Pour Homme Parfum charakterystyczn\u0105, m\u0119sk\u0105 to\u0144. Zapach, kt\u00f3ry idealnie podkre\u015bli Twoj\u0105 elegancj\u0119 i pewno\u015b\u0107 siebie.<\/p>\n<p>&nbsp;<\/p>\n<p>&nbsp;<\/p>\n<p><strong>Sk\u0142adniki:<\/strong><\/p>\n<ul>\n<li>Nuty g\u0142owy: r\u00f3\u017cowy pieprz, kwiat cytryny.<\/li>\n<li>Nuty serca: pomara\u0144czowy kwiat, neroli, lawenda.<\/li>\n<li>Nuty bazy: paczula, cedr, pi\u017cmo.<\/li>\n<\/ul>\n<p><strong>Alergeny:<\/strong><\/p>\n<ul>\n<li>Limonene<\/li>\n<li>Linalool<\/li>\n<li>Benzyl Benzoate<\/li>\n<li>Citral<\/li>\n<li>Coumarin<\/li>\n<\/ul>\n","protected":false},"excerpt":{"rendered":"<p>Gucci Guilty Pour Homme Parfum to m\u0119ska woda perfumowana, kt\u00f3ra zachwyca swoj\u0105 intensywno\u015bci\u0105 i zmys\u0142owym aromatem. Ta nowa wersja klasycznego zapachu Gucci Guilty Pour Homme jest jeszcze bardziej zmys\u0142owa i uwodzicielska. Ju\u017c pierwsze nuty zapachowe, takie jak r\u00f3\u017cowy pieprz i kwiat cytryny, otuli\u0105 Ci\u0119 swoj\u0105 \u015bwie\u017co\u015bci\u0105 i energetyzuj\u0105cym charakterem. Mieszanina drzewnych nut, takich jak cedr,&hellip;<\/p>\n","protected":false},"featured_media":46,"comment_status":"open","ping_status":"closed","template":"","meta":{"om_disable_all_campaigns":false,"_monsterinsights_skip_tracking":false,"_monsterinsights_sitenote_active":false,"_monsterinsights_sitenote_note":"","_monsterinsights_sitenote_category":0},"product_brand":[],"product_cat":[19],"product_tag":[],"class_list":{"0":"post-21","1":"product","2":"type-product","3":"status-publish","4":"has-post-thumbnail","6":"product_cat-perfumy-zimowe","8":"first","9":"instock","10":"taxable","11":"shipping-taxable","12":"purchasable","13":"product-type-simple"},"aioseo_notices":[],"_links":{"self":[{"href":"http:\/\/serverls.imei.uz.zgora.pl\/wp\/61\/index.php\/wp-json\/wp\/v2\/product\/21","targetHints":{"allow":["GET"]}}],"collection":[{"href":"http:\/\/serverls.imei.uz.zgora.pl\/wp\/61\/index.php\/wp-json\/wp\/v2\/product"}],"about":[{"href":"http:\/\/serverls.imei.uz.zgora.pl\/wp\/61\/index.php\/wp-json\/wp\/v2\/types\/product"}],"replies":[{"embeddable":true,"href":"http:\/\/serverls.imei.uz.zgora.pl\/wp\/61\/index.php\/wp-json\/wp\/v2\/comments?post=21"}],"wp:featuredmedia":[{"embeddable":true,"href":"http:\/\/serverls.imei.uz.zgora.pl\/wp\/61\/index.php\/wp-json\/wp\/v2\/media\/46"}],"wp:attachment":[{"href":"http:\/\/serverls.imei.uz.zgora.pl\/wp\/61\/index.php\/wp-json\/wp\/v2\/media?parent=21"}],"wp:term":[{"taxonomy":"product_brand","embeddable":true,"href":"http:\/\/serverls.imei.uz.zgora.pl\/wp\/61\/index.php\/wp-json\/wp\/v2\/product_brand?post=21"},{"taxonomy":"product_cat","embeddable":true,"href":"http:\/\/serverls.imei.uz.zgora.pl\/wp\/61\/index.php\/wp-json\/wp\/v2\/product_cat?post=21"},{"taxonomy":"product_tag","embeddable":true,"href":"http:\/\/serverls.imei.uz.zgora.pl\/wp\/61\/index.php\/wp-json\/wp\/v2\/product_tag?post=21"}],"curies":[{"name":"wp","href":"https:\/\/api.w.org\/{rel}","templated":true}]}}