{"id":23,"date":"2025-01-28T23:02:36","date_gmt":"2025-01-28T22:02:36","guid":{"rendered":"http:\/\/serverls.imei.uz.zgora.pl\/wp\/61\/?post_type=product&#038;p=23"},"modified":"2025-01-29T00:56:54","modified_gmt":"2025-01-28T23:56:54","slug":"essential-parfums-bois-imperial","status":"publish","type":"product","link":"http:\/\/serverls.imei.uz.zgora.pl\/wp\/61\/index.php\/produkt\/essential-parfums-bois-imperial\/","title":{"rendered":"Essential Parfums Bois Imperial"},"content":{"rendered":"<p>Essential Parfums Bois Imperial to perfumy m\u0119skie, kt\u00f3re emanuj\u0105 elegancj\u0105, si\u0142\u0105 i wyrafinowaniem. Kompozycja zapachu opiera si\u0119 na g\u0142\u0119bokich, drzewnych nutach, kt\u00f3re przeplataj\u0105 si\u0119 z subtelnymi akcentami bazylii i kaszmeranu, nadaj\u0105c mu wyj\u0105tkowy charakter. Perfumy s\u0105 trwa\u0142e i intensywne, idealne dla m\u0119\u017cczyzn, kt\u00f3rzy chc\u0105 podkre\u015bli\u0107 swoj\u0105 pewno\u015b\u0107 siebie i charyzm\u0119. Bois Imperial to zapach pe\u0142en klasy, kt\u00f3ry doskonale sprawdzi si\u0119 zar\u00f3wno na co dzie\u0144, jak i podczas specjalnych okazji. To aromat, kt\u00f3ry zostawia niezapomniane wra\u017cenie.<\/p>\n<p>&nbsp;<\/p>\n<p>&nbsp;<\/p>\n<p><strong>Sk\u0142adniki:<\/strong><\/p>\n<ul>\n<li>Nuty g\u0142owy: bazyliowy grand vert, d\u017cunglowa wetyweria.<\/li>\n<li>Nuty serca: kaszmeran, siam benzoes.<\/li>\n<li>Nuty bazy: akigalawood, ambrette, muszkat.<\/li>\n<\/ul>\n<p><strong>Alergeny:<\/strong><\/p>\n<ul>\n<li>Limonene<\/li>\n<li>Linalool<\/li>\n<li>Citral<\/li>\n<li>Benzyl Alcohol<\/li>\n<li>Eugenol<\/li>\n<\/ul>\n","protected":false},"excerpt":{"rendered":"<p>Essential Parfums Bois Imperial to perfumy m\u0119skie, kt\u00f3re emanuj\u0105 elegancj\u0105, si\u0142\u0105 i wyrafinowaniem. Kompozycja zapachu opiera si\u0119 na g\u0142\u0119bokich, drzewnych nutach, kt\u00f3re przeplataj\u0105 si\u0119 z subtelnymi akcentami bazylii i kaszmeranu, nadaj\u0105c mu wyj\u0105tkowy charakter. Perfumy s\u0105 trwa\u0142e i intensywne, idealne dla m\u0119\u017cczyzn, kt\u00f3rzy chc\u0105 podkre\u015bli\u0107 swoj\u0105 pewno\u015b\u0107 siebie i charyzm\u0119. Bois Imperial to zapach pe\u0142en&hellip;<\/p>\n","protected":false},"featured_media":44,"comment_status":"open","ping_status":"closed","template":"","meta":{"om_disable_all_campaigns":false,"_monsterinsights_skip_tracking":false,"_monsterinsights_sitenote_active":false,"_monsterinsights_sitenote_note":"","_monsterinsights_sitenote_category":0},"product_brand":[],"product_cat":[18],"product_tag":[],"class_list":{"0":"post-23","1":"product","2":"type-product","3":"status-publish","4":"has-post-thumbnail","6":"product_cat-perfumy-letnie","8":"first","9":"instock","10":"taxable","11":"shipping-taxable","12":"purchasable","13":"product-type-simple"},"aioseo_notices":[],"_links":{"self":[{"href":"http:\/\/serverls.imei.uz.zgora.pl\/wp\/61\/index.php\/wp-json\/wp\/v2\/product\/23","targetHints":{"allow":["GET"]}}],"collection":[{"href":"http:\/\/serverls.imei.uz.zgora.pl\/wp\/61\/index.php\/wp-json\/wp\/v2\/product"}],"about":[{"href":"http:\/\/serverls.imei.uz.zgora.pl\/wp\/61\/index.php\/wp-json\/wp\/v2\/types\/product"}],"replies":[{"embeddable":true,"href":"http:\/\/serverls.imei.uz.zgora.pl\/wp\/61\/index.php\/wp-json\/wp\/v2\/comments?post=23"}],"wp:featuredmedia":[{"embeddable":true,"href":"http:\/\/serverls.imei.uz.zgora.pl\/wp\/61\/index.php\/wp-json\/wp\/v2\/media\/44"}],"wp:attachment":[{"href":"http:\/\/serverls.imei.uz.zgora.pl\/wp\/61\/index.php\/wp-json\/wp\/v2\/media?parent=23"}],"wp:term":[{"taxonomy":"product_brand","embeddable":true,"href":"http:\/\/serverls.imei.uz.zgora.pl\/wp\/61\/index.php\/wp-json\/wp\/v2\/product_brand?post=23"},{"taxonomy":"product_cat","embeddable":true,"href":"http:\/\/serverls.imei.uz.zgora.pl\/wp\/61\/index.php\/wp-json\/wp\/v2\/product_cat?post=23"},{"taxonomy":"product_tag","embeddable":true,"href":"http:\/\/serverls.imei.uz.zgora.pl\/wp\/61\/index.php\/wp-json\/wp\/v2\/product_tag?post=23"}],"curies":[{"name":"wp","href":"https:\/\/api.w.org\/{rel}","templated":true}]}}